{"id":3912,"date":"2022-02-22T07:14:27","date_gmt":"2022-02-22T07:14:27","guid":{"rendered":"https:\/\/www.hiiumaale.ee\/%d0%bd%d0%be%d1%87%d0%bd%d0%be%d0%b9-%d0%ba%d0%bb%d1%83%d0%b1-carriba\/"},"modified":"2022-04-05T13:04:48","modified_gmt":"2022-04-05T13:04:48","slug":"nochnoj-klub-carriba","status":"publish","type":"page","link":"https:\/\/www.hiiumaale.ee\/ru\/nochnoj-klub-carriba\/","title":{"rendered":"\u041d\u043e\u0447\u043d\u043e\u0439 \u043a\u043b\u0443\u0431 Carriba"},"content":{"rendered":"\t\t<div data-elementor-type=\"wp-page\" data-elementor-id=\"3912\" class=\"elementor elementor-3912 elementor-1056\" data-elementor-post-type=\"page\">\n\t\t\t\t\t\t<section class=\"elementor-section elementor-top-section elementor-element elementor-element-e407670 elementor-section-height-min-height elementor-section-items-bottom elementor-section-boxed elementor-section-height-default\" data-id=\"e407670\" data-element_type=\"section\" data-e-type=\"section\" data-settings=\"{&quot;background_background&quot;:&quot;slideshow&quot;,&quot;background_slideshow_gallery&quot;:[{&quot;id&quot;:1058,&quot;url&quot;:&quot;https:\\\/\\\/www.hiiumaale.ee\\\/wp-content\\\/uploads\\\/2022\\\/02\\\/5b3914ea5366e594071720.jpg&quot;},{&quot;id&quot;:1059,&quot;url&quot;:&quot;https:\\\/\\\/www.hiiumaale.ee\\\/wp-content\\\/uploads\\\/2022\\\/02\\\/5b391345e15f0954922761.jpg&quot;},{&quot;id&quot;:1060,&quot;url&quot;:&quot;https:\\\/\\\/www.hiiumaale.ee\\\/wp-content\\\/uploads\\\/2022\\\/02\\\/5b391379aa5a5613540260.jpg&quot;}],&quot;background_slideshow_loop&quot;:&quot;yes&quot;,&quot;background_slideshow_slide_duration&quot;:5000,&quot;background_slideshow_slide_transition&quot;:&quot;fade&quot;,&quot;background_slideshow_transition_duration&quot;:500}\">\n\t\t\t\t\t\t<div class=\"elementor-container elementor-column-gap-default\">\n\t\t\t\t\t<div class=\"elementor-column elementor-col-33 elementor-top-column elementor-element elementor-element-3c006b7\" data-id=\"3c006b7\" data-element_type=\"column\" data-e-type=\"column\">\n\t\t\t<div class=\"elementor-widget-wrap elementor-element-populated\">\n\t\t\t\t\t\t<div class=\"elementor-element elementor-element-54f2ef9 elementor-widget elementor-widget-heading\" data-id=\"54f2ef9\" data-element_type=\"widget\" data-e-type=\"widget\" data-widget_type=\"heading.default\">\n\t\t\t\t<div class=\"elementor-widget-container\">\n\t\t\t\t\t<h2 class=\"elementor-heading-title elementor-size-default\">\u041c\u043e\u0440\u0435 \u043f\u043e \u043a\u043e\u043b\u0435\u043d\u043e \u0438 \u043f\u0440\u0430\u0437\u0434\u043d\u0438\u043a \u0434\u043e \u0443\u0442\u0440\u0430<\/h2>\t\t\t\t<\/div>\n\t\t\t\t<\/div>\n\t\t\t\t\t<\/div>\n\t\t<\/div>\n\t\t\t\t<div class=\"elementor-column elementor-col-33 elementor-top-column elementor-element elementor-element-c2c4bb8\" data-id=\"c2c4bb8\" data-element_type=\"column\" data-e-type=\"column\">\n\t\t\t<div class=\"elementor-widget-wrap elementor-element-populated\">\n\t\t\t\t\t\t<div class=\"elementor-element elementor-element-c33cf0f elementor-view-default elementor-widget elementor-widget-icon\" data-id=\"c33cf0f\" data-element_type=\"widget\" data-e-type=\"widget\" data-widget_type=\"icon.default\">\n\t\t\t\t<div class=\"elementor-widget-container\">\n\t\t\t\t\t\t\t<div class=\"elementor-icon-wrapper\">\n\t\t\t<div class=\"elementor-icon\">\n\t\t\t<svg xmlns=\"http:\/\/www.w3.org\/2000\/svg\" xmlns:xlink=\"http:\/\/www.w3.org\/1999\/xlink\" id=\"Layer_1\" x=\"0px\" y=\"0px\" viewBox=\"0 0 330 330\" style=\"enable-background:new 0 0 330 330;\" xml:space=\"preserve\"><path id=\"XMLID_225_\" d=\"M325.607,79.393c-5.857-5.857-15.355-5.858-21.213,0.001l-139.39,139.393L25.607,79.393 c-5.857-5.857-15.355-5.858-21.213,0.001c-5.858,5.858-5.858,15.355,0,21.213l150.004,150c2.813,2.813,6.628,4.393,10.606,4.393 s7.794-1.581,10.606-4.394l149.996-150C331.465,94.749,331.465,85.251,325.607,79.393z\"><\/path><g><\/g><g><\/g><g><\/g><g><\/g><g><\/g><g><\/g><g><\/g><g><\/g><g><\/g><g><\/g><g><\/g><g><\/g><g><\/g><g><\/g><g><\/g><\/svg>\t\t\t<\/div>\n\t\t<\/div>\n\t\t\t\t\t\t<\/div>\n\t\t\t\t<\/div>\n\t\t\t\t\t<\/div>\n\t\t<\/div>\n\t\t\t\t<div class=\"elementor-column elementor-col-33 elementor-top-column elementor-element elementor-element-fceafca\" data-id=\"fceafca\" data-element_type=\"column\" data-e-type=\"column\">\n\t\t\t<div class=\"elementor-widget-wrap\">\n\t\t\t\t\t\t\t<\/div>\n\t\t<\/div>\n\t\t\t\t\t<\/div>\n\t\t<\/section>\n\t\t\t\t<section class=\"elementor-section elementor-top-section elementor-element elementor-element-4e84196 elementor-section-height-min-height elementor-section-boxed elementor-section-height-default elementor-section-items-middle\" data-id=\"4e84196\" data-element_type=\"section\" data-e-type=\"section\" data-settings=\"{&quot;background_background&quot;:&quot;classic&quot;}\">\n\t\t\t\t\t\t<div class=\"elementor-container elementor-column-gap-default\">\n\t\t\t\t\t<div class=\"elementor-column elementor-col-100 elementor-top-column elementor-element elementor-element-3ed7a94\" data-id=\"3ed7a94\" data-element_type=\"column\" data-e-type=\"column\">\n\t\t\t<div class=\"elementor-widget-wrap elementor-element-populated\">\n\t\t\t\t\t\t<div class=\"elementor-element elementor-element-dd385de elementor-widget elementor-widget-heading\" data-id=\"dd385de\" data-element_type=\"widget\" data-e-type=\"widget\" data-widget_type=\"heading.default\">\n\t\t\t\t<div class=\"elementor-widget-container\">\n\t\t\t\t\t<h1 class=\"elementor-heading-title elementor-size-default\">\u041d\u043e\u0447\u043d\u043e\u0439 \u043a\u043b\u0443\u0431 Carriba<\/h1>\t\t\t\t<\/div>\n\t\t\t\t<\/div>\n\t\t\t\t<div class=\"elementor-element elementor-element-7bd3c96 elementor-widget elementor-widget-text-editor\" data-id=\"7bd3c96\" data-element_type=\"widget\" data-e-type=\"widget\" data-widget_type=\"text-editor.default\">\n\t\t\t\t<div class=\"elementor-widget-container\">\n\t\t\t\t\t\t\t\t\t\u0420\u0430\u0441\u043f\u043e\u043b\u043e\u0436\u0435\u043d\u043d\u044b\u0439 \u0432 \u041a\u044f\u0439\u043d\u0430 \u043d\u043e\u0447\u043d\u043e\u0439 \u043a\u043b\u0443\u0431 Carriba \u043f\u0435\u0440\u0432\u044b\u0439 \u0438 \u0435\u0434\u0438\u043d\u0441\u0442\u0432\u0435\u043d\u043d\u044b\u0439 \u043d\u043e\u0447\u043d\u043e\u0439 \u043a\u043b\u0443\u0431 \u043d\u0430 \u0425\u0438\u0439\u0443\u043c\u0430\u0430. \u0412 \u043a\u043b\u0443\u0431\u0435 \u0446\u0430\u0440\u0438\u0442 \u043f\u0440\u0438\u044f\u0442\u043d\u0430\u044f \u043a\u0430\u0440\u0438\u0431\u0441\u043a\u0430\u044f \u0430\u0442\u043c\u043e\u0441\u0444\u0435\u0440\u0430. \u041a\u0442\u043e \u0443\u0441\u0442\u0430\u043b \u043e\u0442 \u0432\u0435\u0447\u0435\u0440\u0430, \u043d\u043e \u043d\u0435 \u043c\u043e\u0436\u0435\u0442 \u0434\u043e\u0431\u0440\u0430\u0442\u044c\u0441\u044f \u0434\u043e\u043c\u043e\u0439, \u0441\u043c\u043e\u0436\u0435\u0442 \u043e\u0442\u0434\u043e\u0445\u043d\u0443\u0442\u044c \u0432 \u0440\u0430\u0441\u043f\u043e\u043b\u043e\u0436\u0435\u043d\u043d\u043e\u043c \u0432 \u043e\u0434\u043d\u043e\u043c \u0437\u0434\u0430\u043d\u0438\u0438 \u0441 \u043d\u043e\u0447\u043d\u044b\u043c \u043a\u043b\u0443\u0431\u043e\u043c \u043e\u0442\u0435\u043b\u0435 L\u00f5okese.<br>\r\n<br>\r\n\u0412 \u043a\u043b\u0443\u0431\u0435 \u0432\u044b\u0441\u0442\u0443\u043f\u0430\u044e\u0442 \u0440\u0430\u0437\u043d\u044b\u0435 \u0430\u0440\u0442\u0438\u0441\u0442\u044b \u0438 \u043f\u0440\u043e\u0432\u043e\u0434\u044f\u0442\u0441\u044f \u0440\u0430\u0437\u043d\u043e\u043e\u0431\u0440\u0430\u0437\u043d\u044b\u0435 \u043c\u0435\u0440\u043e\u043f\u0440\u0438\u044f\u0442\u0438\u044f, \u0447\u0442\u043e\u0431\u044b \u043a\u0430\u0436\u0434\u044b\u0439 \u043f\u043e\u0441\u0435\u0442\u0438\u0442\u0435\u043b\u044c \u0441\u043c\u043e\u0433 \u0432\u044b\u0431\u0440\u0430\u0442\u044c \u0441\u0435\u0431\u0435 \u0440\u0430\u0437\u0432\u043b\u0435\u0447\u0435\u043d\u0438\u0435 \u043f\u043e \u0434\u0443\u0448\u0435. \u0417\u0430 \u043d\u0430\u0448\u0438\u043c\u0438 \u043c\u0435\u0440\u043e\u043f\u0440\u0438\u044f\u0442\u0438\u044f\u043c\u0438 \u0438 \u0441\u043e\u0431\u044b\u0442\u0438\u044f\u043c\u0438 \u043c\u043e\u0436\u043d\u043e \u0441\u043b\u0435\u0434\u0438\u0442\u044c \u043d\u0430 \u043d\u0430\u0448\u0435\u0439 \u0444\u0430\u043d-\u0441\u0442\u0440\u0430\u043d\u0438\u0447\u043a\u0435 Carriba Club \u0432 Facebook.<br>\r\n<br>\r\n\u041f\u0440\u0438\u0445\u043e\u0434\u0438\u0442\u0435 \u0438 \u0432\u0435\u0441\u0435\u043b\u0438\u0442\u0435\u0441\u044c \u0432\u043c\u0435\u0441\u0442\u0435 \u0441 \u043d\u0430\u043c\u0438 \u0438\u043b\u0438 \u0430\u0440\u0435\u043d\u0434\u0443\u0439\u0442\u0435 \u043a\u043b\u0443\u0431 \u0434\u043b\u044f \u0441\u0432\u043e\u0438\u0445 \u043c\u0435\u0440\u043e\u043f\u0440\u0438\u044f\u0442\u0438\u0439! \u0418\u0434\u0435\u0430\u043b\u044c\u043d\u043e\u0435 \u043c\u0435\u0441\u0442\u043e \u043f\u0440\u043e\u0432\u0435\u0434\u0435\u043d\u0438\u044f \u043f\u0440\u0430\u0437\u0434\u043d\u0438\u043a\u0430 \u0434\u043b\u044f \u0431\u043e\u043b\u044c\u0448\u043e\u0439 \u043a\u043e\u043c\u043f\u0430\u043d\u0438\u0438. \u041a\u043b\u0443\u0431 \u0442\u0430\u043a\u0436\u0435 \u043f\u043e\u0434\u0445\u043e\u0434\u0438\u0442 \u0434\u043b\u044f \u043f\u0440\u043e\u0432\u0435\u0434\u0435\u043d\u0438\u044f \u0442\u0440\u0435\u043d\u0438\u043d\u0433\u043e\u0432\/\u0441\u0435\u043c\u0438\u043d\u0430\u0440\u043e\u0432.<br>\r\n<br>\r\n\u0412\u043a\u0440\u0430\u0442\u0446\u0435 \u043e Carriba:<br>\r\n<br>\r\n<ul>\r\n \t<li>\u0432\u043c\u0435\u0441\u0442\u0438\u043c\u043e\u0441\u0442\u044c \u0434\u043e 250 \u0447\u0435\u043b\u043e\u0432\u0435\u043a<\/li>\r\n \t<li>\u0441\u0438\u0434\u044f\u0447\u0438\u0445 \u043c\u0435\u0441\u0442 \u0437\u0430 \u0441\u0442\u043e\u043b\u043e\u043c, \u043d\u0430 \u0431\u0430\u0440\u043d\u044b\u0445 \u0441\u0442\u0443\u043b\u044c\u044f\u0445 \u0438 \u0434\u0438\u0432\u0430\u043d\u0430\u0445 \u043f\u0440\u0438\u043c\u0435\u0440\u043d\u043e \u043d\u0430 100 \u0447\u0435\u043b\u043e\u0432\u0435\u043a<\/li>\r\n \t<li>VIP-\u043a\u043e\u043c\u043d\u0430\u0442\u0430<\/li>\r\n \t<li>\u043e\u0442\u0434\u0435\u043b\u044c\u043d\u044b\u0435 \u0442\u0443\u0430\u043b\u0435\u0442\u044b \u0434\u043b\u044f \u043c\u0443\u0436\u0447\u0438\u043d \u0438 \u0436\u0435\u043d\u0449\u0438\u043d<\/li>\r\n \t<li>\u0433\u0430\u0440\u0434\u0435\u0440\u043e\u0431<\/li>\r\n \t<li>\u043d\u0430 I \u044d\u0442\u0430\u0436\u0435 \u0442\u0430\u043d\u0446\u0435\u0432\u0430\u043b\u044c\u043d\u044b\u0439 \u0437\u0430\u043b \u0441\u043e \u0441\u0446\u0435\u043d\u043e\u0439<\/li>\r\n \t<li>\u043d\u0430 II \u044d\u0442\u0430\u0436\u0435 \u0431\u0430\u043b\u043a\u043e\u043d \u0441 \u0432\u0438\u0434\u043e\u043c \u043d\u0430 \u0437\u0430\u043b<\/li>\r\n \t<li>\u043f\u043e\u043b\u043d\u043e\u0441\u0442\u044c\u044e \u043e\u0431\u043e\u0440\u0443\u0434\u043e\u0432\u0430\u043d\u043d\u044b\u0439 \u0431\u0430\u0440 \u043d\u0430 I \u044d\u0442\u0430\u0436\u0435<\/li>\r\n \t<li>\u0430\u0443\u0434\u0438\u043e- \u0438 \u0441\u0432\u0435\u0442\u043e\u0442\u0435\u0445\u043d\u0438\u043a\u0430<\/li>\r\n \t<li>\u0431\u0435\u0441\u043f\u043b\u0430\u0442\u043d\u0430\u044f \u043f\u0430\u0440\u043a\u043e\u0432\u043a\u0430<\/li>\r\n \t<li>\u043f\u043b\u0430\u0442\u0435\u0436 \u043a\u0430\u0440\u0442\u043e\u0439<\/li>\r\n<\/ul>\t\t\t\t\t\t\t\t<\/div>\n\t\t\t\t<\/div>\n\t\t\t\t\t<\/div>\n\t\t<\/div>\n\t\t\t\t\t<\/div>\n\t\t<\/section>\n\t\t\t\t<section class=\"elementor-section elementor-top-section elementor-element elementor-element-cca3cf9 elementor-section-boxed elementor-section-height-default elementor-section-height-default\" data-id=\"cca3cf9\" data-element_type=\"section\" data-e-type=\"section\" data-settings=\"{&quot;background_background&quot;:&quot;classic&quot;}\">\n\t\t\t\t\t\t<div class=\"elementor-container elementor-column-gap-default\">\n\t\t\t\t\t<div class=\"elementor-column elementor-col-100 elementor-top-column elementor-element elementor-element-71ddcc8\" data-id=\"71ddcc8\" data-element_type=\"column\" data-e-type=\"column\">\n\t\t\t<div class=\"elementor-widget-wrap elementor-element-populated\">\n\t\t\t\t\t\t<div class=\"elementor-element elementor-element-02444f9 elementor-widget elementor-widget-gallery\" data-id=\"02444f9\" data-element_type=\"widget\" data-e-type=\"widget\" data-settings=\"{&quot;gap&quot;:{&quot;unit&quot;:&quot;px&quot;,&quot;size&quot;:25,&quot;sizes&quot;:[]},&quot;overlay_title&quot;:&quot;title&quot;,&quot;overlay_description&quot;:&quot;description&quot;,&quot;image_hover_animation&quot;:&quot;grow&quot;,&quot;content_hover_animation&quot;:&quot;exit-zoom-in&quot;,&quot;lazyload&quot;:&quot;yes&quot;,&quot;gallery_layout&quot;:&quot;grid&quot;,&quot;columns&quot;:4,&quot;columns_tablet&quot;:2,&quot;columns_mobile&quot;:1,&quot;gap_tablet&quot;:{&quot;unit&quot;:&quot;px&quot;,&quot;size&quot;:10,&quot;sizes&quot;:[]},&quot;gap_mobile&quot;:{&quot;unit&quot;:&quot;px&quot;,&quot;size&quot;:10,&quot;sizes&quot;:[]},&quot;link_to&quot;:&quot;file&quot;,&quot;aspect_ratio&quot;:&quot;3:2&quot;}\" data-widget_type=\"gallery.default\">\n\t\t\t\t<div class=\"elementor-widget-container\">\n\t\t\t\t\t\t\t<div class=\"elementor-gallery__container\">\n\t\t\t\t\t\t\t<a class=\"e-gallery-item elementor-gallery-item elementor-animated-content\" href=\"https:\/\/www.hiiumaale.ee\/wp-content\/uploads\/2022\/02\/5b3913ab42f8c045045796.jpg\" data-elementor-open-lightbox=\"yes\" data-elementor-lightbox-slideshow=\"02444f9\" data-e-action-hash=\"#elementor-action%3Aaction%3Dlightbox%26settings%3DeyJpZCI6MzIwMCwidXJsIjoiaHR0cHM6XC9cL3d3dy5oaWl1bWFhbGUuZWVcL3dwLWNvbnRlbnRcL3VwbG9hZHNcLzIwMjJcLzAyXC81YjM5MTNhYjQyZjhjMDQ1MDQ1Nzk2LmpwZyIsInNsaWRlc2hvdyI6IjAyNDQ0ZjkifQ%3D%3D\">\n\t\t\t\t\t<div class=\"e-gallery-image elementor-gallery-item__image\" data-thumbnail=\"https:\/\/www.hiiumaale.ee\/wp-content\/uploads\/2022\/02\/5b3913ab42f8c045045796.jpg\" data-width=\"1920\" data-height=\"1080\" aria-label=\"\" role=\"img\" ><\/div>\n\t\t\t\t\t\t\t\t\t\t\t\t\t\t\t<div class=\"elementor-gallery-item__content\">\n\t\t\t\t\t\t\t\t\t\t\t<\/div>\n\t\t\t\t\t\t\t\t\t<\/a>\n\t\t\t\t\t\t\t<a class=\"e-gallery-item elementor-gallery-item elementor-animated-content\" href=\"https:\/\/www.hiiumaale.ee\/wp-content\/uploads\/2022\/02\/5b3913d67d91c356245709-1.jpg\" data-elementor-open-lightbox=\"yes\" data-elementor-lightbox-slideshow=\"02444f9\" data-e-action-hash=\"#elementor-action%3Aaction%3Dlightbox%26settings%3DeyJpZCI6MzIwMiwidXJsIjoiaHR0cHM6XC9cL3d3dy5oaWl1bWFhbGUuZWVcL3dwLWNvbnRlbnRcL3VwbG9hZHNcLzIwMjJcLzAyXC81YjM5MTNkNjdkOTFjMzU2MjQ1NzA5LTEuanBnIiwic2xpZGVzaG93IjoiMDI0NDRmOSJ9\">\n\t\t\t\t\t<div class=\"e-gallery-image elementor-gallery-item__image\" data-thumbnail=\"https:\/\/www.hiiumaale.ee\/wp-content\/uploads\/2022\/02\/5b3913d67d91c356245709-1.jpg\" data-width=\"1920\" data-height=\"1080\" aria-label=\"\" role=\"img\" ><\/div>\n\t\t\t\t\t\t\t\t\t\t\t\t\t\t\t<div class=\"elementor-gallery-item__content\">\n\t\t\t\t\t\t\t\t\t\t\t<\/div>\n\t\t\t\t\t\t\t\t\t<\/a>\n\t\t\t\t\t\t\t<a class=\"e-gallery-item elementor-gallery-item elementor-animated-content\" href=\"https:\/\/www.hiiumaale.ee\/wp-content\/uploads\/2022\/02\/5b3913f946465374978590.jpg\" data-elementor-open-lightbox=\"yes\" data-elementor-lightbox-slideshow=\"02444f9\" data-e-action-hash=\"#elementor-action%3Aaction%3Dlightbox%26settings%3DeyJpZCI6MzIwNCwidXJsIjoiaHR0cHM6XC9cL3d3dy5oaWl1bWFhbGUuZWVcL3dwLWNvbnRlbnRcL3VwbG9hZHNcLzIwMjJcLzAyXC81YjM5MTNmOTQ2NDY1Mzc0OTc4NTkwLmpwZyIsInNsaWRlc2hvdyI6IjAyNDQ0ZjkifQ%3D%3D\">\n\t\t\t\t\t<div class=\"e-gallery-image elementor-gallery-item__image\" data-thumbnail=\"https:\/\/www.hiiumaale.ee\/wp-content\/uploads\/2022\/02\/5b3913f946465374978590.jpg\" data-width=\"1920\" data-height=\"1080\" aria-label=\"\" role=\"img\" ><\/div>\n\t\t\t\t\t\t\t\t\t\t\t\t\t\t\t<div class=\"elementor-gallery-item__content\">\n\t\t\t\t\t\t\t\t\t\t\t<\/div>\n\t\t\t\t\t\t\t\t\t<\/a>\n\t\t\t\t\t<\/div>\n\t\t\t\t\t<\/div>\n\t\t\t\t<\/div>\n\t\t\t\t\t<\/div>\n\t\t<\/div>\n\t\t\t\t\t<\/div>\n\t\t<\/section>\n\t\t\t\t<section class=\"elementor-section elementor-top-section elementor-element elementor-element-8af8aa4 elementor-section-height-min-height elementor-section-items-bottom elementor-section-boxed elementor-section-height-default\" data-id=\"8af8aa4\" data-element_type=\"section\" data-e-type=\"section\" data-settings=\"{&quot;background_background&quot;:&quot;classic&quot;}\">\n\t\t\t\t\t\t<div class=\"elementor-container elementor-column-gap-default\">\n\t\t\t\t\t<div class=\"elementor-column elementor-col-50 elementor-top-column elementor-element elementor-element-dd1426c\" data-id=\"dd1426c\" data-element_type=\"column\" data-e-type=\"column\">\n\t\t\t<div class=\"elementor-widget-wrap elementor-element-populated\">\n\t\t\t\t\t\t<div class=\"elementor-element elementor-element-4125bad elementor-widget elementor-widget-heading\" data-id=\"4125bad\" data-element_type=\"widget\" data-e-type=\"widget\" data-widget_type=\"heading.default\">\n\t\t\t\t<div class=\"elementor-widget-container\">\n\t\t\t\t\t<h2 class=\"elementor-heading-title elementor-size-default\">\u0410\u0434\u0440\u0435\u0441<\/h2>\t\t\t\t<\/div>\n\t\t\t\t<\/div>\n\t\t\t\t<div class=\"elementor-element elementor-element-cf70825 elementor-widget elementor-widget-text-editor\" data-id=\"cf70825\" data-element_type=\"widget\" data-e-type=\"widget\" data-widget_type=\"text-editor.default\">\n\t\t\t\t<div class=\"elementor-widget-container\">\n\t\t\t\t\t\t\t\t\t\u041d\u043e\u0447\u043d\u043e\u0439 \u043a\u043b\u0443\u0431 Carriba<br>\r\nL\u00f5okese t\u00e4nav 14, K\u00e4ina alevik, Hiiumaa vald, Hiiu maakond<br>\r\ntel +<a href=\"tel:+3724636146\">372 463 6146<\/a><br>\r\n<a href=\"mailto:carriba@hiiumaale.ee\">carriba@hiiumaale.ee<\/a>\t\t\t\t\t\t\t\t<\/div>\n\t\t\t\t<\/div>\n\t\t\t\t<div class=\"elementor-element elementor-element-aad344b elementor-widget elementor-widget-shortcode\" data-id=\"aad344b\" data-element_type=\"widget\" data-e-type=\"widget\" data-widget_type=\"shortcode.default\">\n\t\t\t\t<div class=\"elementor-widget-container\">\n\t\t\t\t\t\t\t<div class=\"elementor-shortcode\"><iframe src=\"https:\/\/www.google.com\/maps\/embed?pb=!1m18!1m12!1m3!1d2064.9429472870133!2d22.762692616139233!3d58.831737257860524!2m3!1f0!2f0!3f0!3m2!1i1024!2i768!4f13.1!3m3!1m2!1s0x46f2ecad59370a6f%3A0xbdbfe85f0de30b81!2sCarriba%20Club!5e0!3m2!1set!2see!4v1645514472880!5m2!1set!2see\" width=\"600\" height=\"450\" style=\"border:0;\" allowfullscreen=\"\" loading=\"lazy\"><\/iframe><\/div>\n\t\t\t\t\t\t<\/div>\n\t\t\t\t<\/div>\n\t\t\t\t\t<\/div>\n\t\t<\/div>\n\t\t\t\t<div class=\"elementor-column elementor-col-50 elementor-top-column elementor-element elementor-element-aa4b02a elementor-hidden-tablet elementor-hidden-mobile\" data-id=\"aa4b02a\" data-element_type=\"column\" data-e-type=\"column\">\n\t\t\t<div class=\"elementor-widget-wrap\">\n\t\t\t\t\t\t\t<\/div>\n\t\t<\/div>\n\t\t\t\t\t<\/div>\n\t\t<\/section>\n\t\t\t\t<\/div>\n\t\t","protected":false},"excerpt":{"rendered":"<p>\u041c\u043e\u0440\u0435 \u043f\u043e \u043a\u043e\u043b\u0435\u043d\u043e \u0438 \u043f\u0440\u0430\u0437\u0434\u043d\u0438\u043a \u0434\u043e \u0443\u0442\u0440\u0430 \u041d\u043e\u0447\u043d\u043e\u0439 \u043a\u043b\u0443\u0431 Carriba \u0420\u0430\u0441\u043f\u043e\u043b\u043e\u0436\u0435\u043d\u043d\u044b\u0439 \u0432 \u041a\u044f\u0439\u043d\u0430 \u043d\u043e\u0447\u043d\u043e\u0439 \u043a\u043b\u0443\u0431 Carriba \u043f\u0435\u0440\u0432\u044b\u0439 \u0438 \u0435\u0434\u0438\u043d\u0441\u0442\u0432\u0435\u043d\u043d\u044b\u0439 \u043d\u043e\u0447\u043d\u043e\u0439 \u043a\u043b\u0443\u0431 \u043d\u0430 \u0425\u0438\u0439\u0443\u043c\u0430\u0430. \u0412 \u043a\u043b\u0443\u0431\u0435 \u0446\u0430\u0440\u0438\u0442 \u043f\u0440\u0438\u044f\u0442\u043d\u0430\u044f \u043a\u0430\u0440\u0438\u0431\u0441\u043a\u0430\u044f \u0430\u0442\u043c\u043e\u0441\u0444\u0435\u0440\u0430. \u041a\u0442\u043e \u0443\u0441\u0442\u0430\u043b \u043e\u0442 \u0432\u0435\u0447\u0435\u0440\u0430, \u043d\u043e \u043d\u0435 \u043c\u043e\u0436\u0435\u0442 \u0434\u043e\u0431\u0440\u0430\u0442\u044c\u0441\u044f \u0434\u043e\u043c\u043e\u0439, \u0441\u043c\u043e\u0436\u0435\u0442 \u043e\u0442\u0434\u043e\u0445\u043d\u0443\u0442\u044c \u0432 \u0440\u0430\u0441\u043f\u043e\u043b\u043e\u0436\u0435\u043d\u043d\u043e\u043c \u0432 \u043e\u0434\u043d\u043e\u043c \u0437\u0434\u0430\u043d\u0438\u0438 \u0441 \u043d\u043e\u0447\u043d\u044b\u043c \u043a\u043b\u0443\u0431\u043e\u043c \u043e\u0442\u0435\u043b\u0435 L\u00f5okese. \u0412 \u043a\u043b\u0443\u0431\u0435 \u0432\u044b\u0441\u0442\u0443\u043f\u0430\u044e\u0442 \u0440\u0430\u0437\u043d\u044b\u0435 \u0430\u0440\u0442\u0438\u0441\u0442\u044b [&hellip;]<\/p>\n","protected":false},"author":1,"featured_media":0,"parent":0,"menu_order":0,"comment_status":"closed","ping_status":"closed","template":"","meta":{"footnotes":""},"class_list":["post-3912","page","type-page","status-publish","hentry"],"_links":{"self":[{"href":"https:\/\/www.hiiumaale.ee\/ru\/wp-json\/wp\/v2\/pages\/3912","targetHints":{"allow":["GET"]}}],"collection":[{"href":"https:\/\/www.hiiumaale.ee\/ru\/wp-json\/wp\/v2\/pages"}],"about":[{"href":"https:\/\/www.hiiumaale.ee\/ru\/wp-json\/wp\/v2\/types\/page"}],"author":[{"embeddable":true,"href":"https:\/\/www.hiiumaale.ee\/ru\/wp-json\/wp\/v2\/users\/1"}],"replies":[{"embeddable":true,"href":"https:\/\/www.hiiumaale.ee\/ru\/wp-json\/wp\/v2\/comments?post=3912"}],"version-history":[{"count":4,"href":"https:\/\/www.hiiumaale.ee\/ru\/wp-json\/wp\/v2\/pages\/3912\/revisions"}],"predecessor-version":[{"id":4801,"href":"https:\/\/www.hiiumaale.ee\/ru\/wp-json\/wp\/v2\/pages\/3912\/revisions\/4801"}],"wp:attachment":[{"href":"https:\/\/www.hiiumaale.ee\/ru\/wp-json\/wp\/v2\/media?parent=3912"}],"curies":[{"name":"wp","href":"https:\/\/api.w.org\/{rel}","templated":true}]}}