{"id":4080,"date":"2022-02-22T12:46:51","date_gmt":"2022-02-22T12:46:51","guid":{"rendered":"https:\/\/www.hiiumaale.ee\/mida-teha-kuhu-minna\/"},"modified":"2022-04-05T13:03:49","modified_gmt":"2022-04-05T13:03:49","slug":"mida-teha-kuhu-minna","status":"publish","type":"page","link":"https:\/\/www.hiiumaale.ee\/en\/mida-teha-kuhu-minna\/","title":{"rendered":"Mida teha, kuhu minna"},"content":{"rendered":"\t\t<div data-elementor-type=\"wp-page\" data-elementor-id=\"4080\" class=\"elementor elementor-4080 elementor-1476\" data-elementor-post-type=\"page\">\n\t\t\t\t\t\t<section class=\"elementor-section elementor-top-section elementor-element elementor-element-e407670 elementor-section-height-min-height elementor-section-items-bottom elementor-section-boxed elementor-section-height-default\" data-id=\"e407670\" data-element_type=\"section\" data-e-type=\"section\" data-settings=\"{&quot;background_background&quot;:&quot;slideshow&quot;,&quot;background_slideshow_gallery&quot;:[{&quot;id&quot;:1481,&quot;url&quot;:&quot;https:\\\/\\\/www.hiiumaale.ee\\\/wp-content\\\/uploads\\\/2022\\\/02\\\/5f04487f1580a802991192-scaled.jpg&quot;}],&quot;background_slideshow_loop&quot;:&quot;yes&quot;,&quot;background_slideshow_slide_duration&quot;:5000,&quot;background_slideshow_slide_transition&quot;:&quot;fade&quot;,&quot;background_slideshow_transition_duration&quot;:500}\">\n\t\t\t\t\t\t<div class=\"elementor-container elementor-column-gap-default\">\n\t\t\t\t\t<div class=\"elementor-column elementor-col-33 elementor-top-column elementor-element elementor-element-3c006b7\" data-id=\"3c006b7\" data-element_type=\"column\" data-e-type=\"column\">\n\t\t\t<div class=\"elementor-widget-wrap elementor-element-populated\">\n\t\t\t\t\t\t<div class=\"elementor-element elementor-element-54f2ef9 elementor-widget elementor-widget-heading\" data-id=\"54f2ef9\" data-element_type=\"widget\" data-e-type=\"widget\" data-widget_type=\"heading.default\">\n\t\t\t\t<div class=\"elementor-widget-container\">\n\t\t\t\t\t<h2 class=\"elementor-heading-title elementor-size-default\">Avasta Hiiumaad!<\/h2>\t\t\t\t<\/div>\n\t\t\t\t<\/div>\n\t\t\t\t\t<\/div>\n\t\t<\/div>\n\t\t\t\t<div class=\"elementor-column elementor-col-33 elementor-top-column elementor-element elementor-element-c2c4bb8\" data-id=\"c2c4bb8\" data-element_type=\"column\" data-e-type=\"column\">\n\t\t\t<div class=\"elementor-widget-wrap elementor-element-populated\">\n\t\t\t\t\t\t<div class=\"elementor-element elementor-element-c33cf0f elementor-view-default elementor-widget elementor-widget-icon\" data-id=\"c33cf0f\" data-element_type=\"widget\" data-e-type=\"widget\" data-widget_type=\"icon.default\">\n\t\t\t\t<div class=\"elementor-widget-container\">\n\t\t\t\t\t\t\t<div class=\"elementor-icon-wrapper\">\n\t\t\t<div class=\"elementor-icon\">\n\t\t\t<svg xmlns=\"http:\/\/www.w3.org\/2000\/svg\" xmlns:xlink=\"http:\/\/www.w3.org\/1999\/xlink\" id=\"Layer_1\" x=\"0px\" y=\"0px\" viewBox=\"0 0 330 330\" style=\"enable-background:new 0 0 330 330;\" xml:space=\"preserve\"><path id=\"XMLID_225_\" d=\"M325.607,79.393c-5.857-5.857-15.355-5.858-21.213,0.001l-139.39,139.393L25.607,79.393 c-5.857-5.857-15.355-5.858-21.213,0.001c-5.858,5.858-5.858,15.355,0,21.213l150.004,150c2.813,2.813,6.628,4.393,10.606,4.393 s7.794-1.581,10.606-4.394l149.996-150C331.465,94.749,331.465,85.251,325.607,79.393z\"><\/path><g><\/g><g><\/g><g><\/g><g><\/g><g><\/g><g><\/g><g><\/g><g><\/g><g><\/g><g><\/g><g><\/g><g><\/g><g><\/g><g><\/g><g><\/g><\/svg>\t\t\t<\/div>\n\t\t<\/div>\n\t\t\t\t\t\t<\/div>\n\t\t\t\t<\/div>\n\t\t\t\t\t<\/div>\n\t\t<\/div>\n\t\t\t\t<div class=\"elementor-column elementor-col-33 elementor-top-column elementor-element elementor-element-fceafca\" data-id=\"fceafca\" data-element_type=\"column\" data-e-type=\"column\">\n\t\t\t<div class=\"elementor-widget-wrap\">\n\t\t\t\t\t\t\t<\/div>\n\t\t<\/div>\n\t\t\t\t\t<\/div>\n\t\t<\/section>\n\t\t\t\t<section class=\"elementor-section elementor-top-section elementor-element elementor-element-4e84196 elementor-section-height-min-height elementor-section-boxed elementor-section-height-default elementor-section-items-middle\" data-id=\"4e84196\" data-element_type=\"section\" data-e-type=\"section\" data-settings=\"{&quot;background_background&quot;:&quot;classic&quot;}\">\n\t\t\t\t\t\t<div class=\"elementor-container elementor-column-gap-default\">\n\t\t\t\t\t<div class=\"elementor-column elementor-col-100 elementor-top-column elementor-element elementor-element-3ed7a94\" data-id=\"3ed7a94\" data-element_type=\"column\" data-e-type=\"column\">\n\t\t\t<div class=\"elementor-widget-wrap elementor-element-populated\">\n\t\t\t\t\t\t<div class=\"elementor-element elementor-element-dd385de elementor-widget elementor-widget-heading\" data-id=\"dd385de\" data-element_type=\"widget\" data-e-type=\"widget\" data-widget_type=\"heading.default\">\n\t\t\t\t<div class=\"elementor-widget-container\">\n\t\t\t\t\t<h1 class=\"elementor-heading-title elementor-size-default\">Mida teha, kuhu minna?<\/h1>\t\t\t\t<\/div>\n\t\t\t\t<\/div>\n\t\t\t\t<div class=\"elementor-element elementor-element-7bd3c96 elementor-widget elementor-widget-text-editor\" data-id=\"7bd3c96\" data-element_type=\"widget\" data-e-type=\"widget\" data-widget_type=\"text-editor.default\">\n\t\t\t\t<div class=\"elementor-widget-container\">\n\t\t\t\t\t\t\t\t\t<div class=\"page-description-text\"><p>Hiiumaad tuntakse majakate, rikkumata looduse, Ristim\u00e4e, kohalike huumorimeele ja Euroopa pikima j\u00e4\u00e4tee j\u00e4rgi.<\/p><p>M\u00f5nule pikkadel liivarandadel, v\u00e4isa v\u00e4ikseid k\u00fclasid ja avasta s\u00fcgavaid metsi sisemaal. Hiiumaa sobib ideaalselt matkamiseks, avastamiseks purjeretkel v\u00f5i lihtsalt rahulikuks puhkuseks. Ristnas asub Eesti suurimate lainetega surfipaik ning Kassari on \u00fcle Eesti tuntud oma imeilusa looduse poolest.<\/p><p><a href=\"https:\/\/www.puhkaeestis.ee\/et\/ponevad-paigad\/saared\/hiiumaa\" target=\"_blank\" rel=\"noopener noreferrer\">Loe pikemalt Hiiumaast siit.<\/a><\/p><p><strong>Kassaris pole mitte igav ja siin olles soovitame kindlasti k\u00fclastada j\u00e4rgmisi kohti:<\/strong><\/p><p>\u00b7 \u00a0 \u00a0 \u00a0 \u00a0\u00a0<a href=\"https:\/\/tuuletorn.ee\/\" target=\"_blank\" rel=\"noopener\">Elamuskeskus TUULETORN<\/a>\u00a0(K\u00e4inas)<\/p><p>\u00b7\u00a0 \u00a0 \u00a0 \u00a0 \u00a0\u00a0<a href=\"https:\/\/www.puhkaeestis.ee\/et\/saaretirp\" target=\"_blank\" rel=\"noopener\">S\u00e4\u00e4retirp ja Leigri kuju<\/a><\/p><p>\u00b7 \u00a0 \u00a0 \u00a0 \u00a0\u00a0<a href=\"https:\/\/www.puhkaeestis.ee\/et\/orjaku-opperada\" target=\"_blank\" rel=\"noopener noreferrer\">Orjaku \u00f5pperada<\/a>\u00a0ja\u00a0<a href=\"https:\/\/www.puhkaeestis.ee\/et\/orjaku-linnuvaatlustorn\" target=\"_blank\" rel=\"noopener noreferrer\">linnuvaatlustorn<\/a><\/p><p>\u00b7 \u00a0 \u00a0 \u00a0 \u00a0\u00a0<a href=\"https:\/\/orjaku.ee\/sadam\/\" target=\"_blank\" rel=\"noopener noreferrer\">Orjaku sadam ja k\u00fclamaja<\/a><\/p><p>\u00b7 \u00a0 \u00a0 \u00a0 \u00a0\u00a0<a href=\"https:\/\/www.facebook.com\/KassariRahvamaja\/\" target=\"_blank\" rel=\"noopener noreferrer\">Kassari rahvamaja<\/a>\u00a0ja\u00a0<a href=\"https:\/\/www.puhkaeestis.ee\/et\/kassari-kabel\" target=\"_blank\" rel=\"noopener noreferrer\">kabel<\/a><\/p><p>\u00b7 \u00a0 \u00a0 \u00a0 \u00a0\u00a0<a href=\"http:\/\/hiiuvill.ee\/wptest\/\" target=\"_blank\" rel=\"noopener noreferrer\">Hiiu Vill<\/a>\u00a0\u2013 vana ja t\u00f6\u00f6tav villavabrik<\/p><p>\u00b7 \u00a0 \u00a0 \u00a0 \u00a0\u00a0<a href=\"http:\/\/muuseum.hiiumaa.ee\/WP\/filiaalid\/kassari-ekspositsioonimaja\/\" target=\"_blank\" rel=\"noopener noreferrer\">Hiiumaa muuseumi Kassari ekspositsioonimaja<\/a><\/p><p>\u00b7 \u00a0 \u00a0 \u00a0 \u00a0\u00a0<a href=\"https:\/\/www.hiiumaale.ee\/en\/kassari-shop\/\" target=\"_blank\" rel=\"noopener\">Kassari pood<\/a><\/p><p>\u00b7 \u00a0 \u00a0 \u00a0 \u00a0\u00a0<a href=\"http:\/\/www.kassari.ee\/?page=ratsamatkad&amp;lang=est\" target=\"_blank\" rel=\"noopener noreferrer\">Kassari Ratsamatkad<\/a><\/p><p>\u00b7 \u00a0 \u00a0 \u00a0 \u00a0 Ujumisrand ja Kassari kiigeplats<\/p><p>Sellise v\u00e4ikese p\u00e4evamatka Kassaris saab ette v\u00f5tta nii auto kui\u00a0<a href=\"https:\/\/www.hiiumaale.ee\/jalgrattarent\/\" target=\"_blank\" rel=\"noopener\">rattaga<\/a>. Lisaks mainitud kohtadele j\u00e4\u00e4b teepeale maalilisi vaateid, m\u00f5nusat mereh\u00f5ngu ja k\u00f5ike muud mida \u00fcheks heaks puhkep\u00e4evaks veel tarvis. R\u00f5\u00f5msat avastamist!<\/p><p><strong>Elamused lastele Hiiumaal:<\/strong><\/p><p>\u00b7 \u00a0 \u00a0 \u00a0 \u00a0\u00a0<a href=\"https:\/\/www.puhkaeestis.ee\/et\/kardla-madalseikluspark\" target=\"_blank\" rel=\"noopener noreferrer\">Madalseikluspark K\u00e4rdlas<\/a><\/p><p>\u00b7 \u00a0 \u00a0 \u00a0 \u00a0\u00a0<a href=\"http:\/\/www.kainaspordikeskus.ee\/\" target=\"_blank\" rel=\"noopener noreferrer\">K\u00e4ina spordikeskus ja ujula<\/a><\/p><p>\u00b7 \u00a0 \u00a0 \u00a0 \u00a0\u00a0<a href=\"https:\/\/et-ee.facebook.com\/nukuteater\" target=\"_blank\" rel=\"noopener noreferrer\">K\u00e4rdla nukuteater<\/a><\/p><p>\u00b7 \u00a0 \u00a0 \u00a0 \u00a0\u00a0<a href=\"https:\/\/www.puhkuseestis.ee\/vaatamisvaarsused?sightseeing_id=1778\" target=\"_blank\" rel=\"noopener noreferrer\">Hiiumaa Eiffel<\/a><\/p><p>\u00b7 \u00a0 \u00a0 \u00a0 \u00a0\u00a0<a href=\"https:\/\/et-ee.facebook.com\/hiiumaakino\" target=\"_blank\" rel=\"noopener noreferrer\">Hiiumaa kino<\/a><\/p><p>Kui aga Hiiumaal pikemalt peatute ja soov tervele saarele ring peale teha, siis soovitame\u00a0<a href=\"http:\/\/www.hiiumaa.ee\/tuletorn\/\" target=\"_blank\" rel=\"noopener\">Tuletorniringi\u00a0<\/a>ehk veel \u00fcks v\u00f5imalus tutvumiseks Hiiumaaga.<\/p><p>Hiiumaal toimuvate \u00fcrituste ja s\u00fcndmustega saab end kurssi viia\u00a0<a href=\"http:\/\/hiiumaa.events\/\" target=\"_blank\" rel=\"noopener\">siin.<\/a><\/p><\/div><div class=\"item-gallery row\">\u00a0<\/div>\t\t\t\t\t\t\t\t<\/div>\n\t\t\t\t<\/div>\n\t\t\t\t\t<\/div>\n\t\t<\/div>\n\t\t\t\t\t<\/div>\n\t\t<\/section>\n\t\t\t\t<section class=\"elementor-section elementor-top-section elementor-element elementor-element-8af8aa4 elementor-section-height-min-height elementor-section-items-bottom elementor-section-boxed elementor-section-height-default\" data-id=\"8af8aa4\" data-element_type=\"section\" data-e-type=\"section\" data-settings=\"{&quot;background_background&quot;:&quot;classic&quot;}\">\n\t\t\t\t\t\t<div class=\"elementor-container elementor-column-gap-default\">\n\t\t\t\t\t<div class=\"elementor-column elementor-col-50 elementor-top-column elementor-element elementor-element-dd1426c\" data-id=\"dd1426c\" data-element_type=\"column\" data-e-type=\"column\">\n\t\t\t<div class=\"elementor-widget-wrap elementor-element-populated\">\n\t\t\t\t\t\t<div class=\"elementor-element elementor-element-4125bad elementor-widget elementor-widget-heading\" data-id=\"4125bad\" data-element_type=\"widget\" data-e-type=\"widget\" data-widget_type=\"heading.default\">\n\t\t\t\t<div class=\"elementor-widget-container\">\n\t\t\t\t\t<h2 class=\"elementor-heading-title elementor-size-default\">Aadress<\/h2>\t\t\t\t<\/div>\n\t\t\t\t<\/div>\n\t\t\t\t<div class=\"elementor-element elementor-element-cf70825 elementor-widget elementor-widget-text-editor\" data-id=\"cf70825\" data-element_type=\"widget\" data-e-type=\"widget\" data-widget_type=\"text-editor.default\">\n\t\t\t\t<div class=\"elementor-widget-container\">\n\t\t\t\t\t\t\t\t\t<p>Mida teha, kuhu minna?<\/p>\t\t\t\t\t\t\t\t<\/div>\n\t\t\t\t<\/div>\n\t\t\t\t<div class=\"elementor-element elementor-element-aad344b elementor-widget elementor-widget-shortcode\" data-id=\"aad344b\" data-element_type=\"widget\" data-e-type=\"widget\" data-widget_type=\"shortcode.default\">\n\t\t\t\t<div class=\"elementor-widget-container\">\n\t\t\t\t\t\t\t<div class=\"elementor-shortcode\"><iframe src=\"https:\/\/www.google.com\/maps\/embed?pb=!1m18!1m12!1m3!1d66086.21070325052!2d22.66042789228535!3d58.82752229739924!2m3!1f0!2f0!3f0!3m2!1i1024!2i768!4f13.1!3m3!1m2!1s0x46f2ecb8cbcd833d%3A0x182a94846566dd33!2sK%C3%A4ina%20vald%2C%20Hiiu%20maakond!5e0!3m2!1set!2see!4v1645534360474!5m2!1set!2see\" width=\"600\" height=\"450\" style=\"border:0;\" allowfullscreen=\"\" loading=\"lazy\"><\/iframe><\/div>\n\t\t\t\t\t\t<\/div>\n\t\t\t\t<\/div>\n\t\t\t\t\t<\/div>\n\t\t<\/div>\n\t\t\t\t<div class=\"elementor-column elementor-col-50 elementor-top-column elementor-element elementor-element-aa4b02a\" data-id=\"aa4b02a\" data-element_type=\"column\" data-e-type=\"column\">\n\t\t\t<div class=\"elementor-widget-wrap\">\n\t\t\t\t\t\t\t<\/div>\n\t\t<\/div>\n\t\t\t\t\t<\/div>\n\t\t<\/section>\n\t\t\t\t<\/div>\n\t\t","protected":false},"excerpt":{"rendered":"<p>Avasta Hiiumaad! Mida teha, kuhu minna? Hiiumaad tuntakse majakate, rikkumata looduse, Ristim\u00e4e, kohalike huumorimeele ja Euroopa pikima j\u00e4\u00e4tee j\u00e4rgi. M\u00f5nule pikkadel liivarandadel, v\u00e4isa v\u00e4ikseid k\u00fclasid ja avasta s\u00fcgavaid metsi sisemaal. Hiiumaa sobib ideaalselt matkamiseks, avastamiseks purjeretkel v\u00f5i lihtsalt rahulikuks puhkuseks. Ristnas asub Eesti suurimate lainetega surfipaik ning Kassari on \u00fcle Eesti tuntud oma imeilusa looduse [&hellip;]<\/p>\n","protected":false},"author":1,"featured_media":0,"parent":0,"menu_order":0,"comment_status":"closed","ping_status":"closed","template":"","meta":{"footnotes":""},"class_list":["post-4080","page","type-page","status-publish","hentry"],"_links":{"self":[{"href":"https:\/\/www.hiiumaale.ee\/en\/wp-json\/wp\/v2\/pages\/4080","targetHints":{"allow":["GET"]}}],"collection":[{"href":"https:\/\/www.hiiumaale.ee\/en\/wp-json\/wp\/v2\/pages"}],"about":[{"href":"https:\/\/www.hiiumaale.ee\/en\/wp-json\/wp\/v2\/types\/page"}],"author":[{"embeddable":true,"href":"https:\/\/www.hiiumaale.ee\/en\/wp-json\/wp\/v2\/users\/1"}],"replies":[{"embeddable":true,"href":"https:\/\/www.hiiumaale.ee\/en\/wp-json\/wp\/v2\/comments?post=4080"}],"version-history":[{"count":1,"href":"https:\/\/www.hiiumaale.ee\/en\/wp-json\/wp\/v2\/pages\/4080\/revisions"}],"predecessor-version":[{"id":4081,"href":"https:\/\/www.hiiumaale.ee\/en\/wp-json\/wp\/v2\/pages\/4080\/revisions\/4081"}],"wp:attachment":[{"href":"https:\/\/www.hiiumaale.ee\/en\/wp-json\/wp\/v2\/media?parent=4080"}],"curies":[{"name":"wp","href":"https:\/\/api.w.org\/{rel}","templated":true}]}}