{"id":3460,"date":"2022-02-17T14:08:46","date_gmt":"2022-02-17T12:08:46","guid":{"rendered":"https:\/\/www.hiiumaale.ee\/hiiu-brewery\/"},"modified":"2024-08-19T11:38:56","modified_gmt":"2024-08-19T08:38:56","slug":"hiiu-brewery","status":"publish","type":"page","link":"https:\/\/www.hiiumaale.ee\/en\/hiiu-brewery\/","title":{"rendered":"Hiiu brewery"},"content":{"rendered":"\t\t<div data-elementor-type=\"wp-page\" data-elementor-id=\"3460\" class=\"elementor elementor-3460 elementor-261\" data-elementor-post-type=\"page\">\n\t\t\t\t\t\t<section class=\"elementor-section elementor-top-section elementor-element elementor-element-e407670 elementor-section-height-min-height elementor-section-items-bottom elementor-section-boxed elementor-section-height-default\" data-id=\"e407670\" data-element_type=\"section\" data-e-type=\"section\" data-settings=\"{&quot;background_background&quot;:&quot;slideshow&quot;,&quot;background_slideshow_gallery&quot;:[{&quot;id&quot;:15,&quot;url&quot;:&quot;https:\\\/\\\/www.hiiumaale.ee\\\/wp-content\\\/uploads\\\/2022\\\/02\\\/5c3e4ff95b09d995374414-scaled.jpg&quot;},{&quot;id&quot;:14,&quot;url&quot;:&quot;https:\\\/\\\/www.hiiumaale.ee\\\/wp-content\\\/uploads\\\/2022\\\/02\\\/5b393f2009410644263817.jpg&quot;},{&quot;id&quot;:13,&quot;url&quot;:&quot;https:\\\/\\\/www.hiiumaale.ee\\\/wp-content\\\/uploads\\\/2022\\\/02\\\/5b393da9a3c81285959055.jpg&quot;},{&quot;id&quot;:17,&quot;url&quot;:&quot;https:\\\/\\\/www.hiiumaale.ee\\\/wp-content\\\/uploads\\\/2022\\\/02\\\/602fb461eb6fd734751284.jpg&quot;},{&quot;id&quot;:18,&quot;url&quot;:&quot;https:\\\/\\\/www.hiiumaale.ee\\\/wp-content\\\/uploads\\\/2022\\\/02\\\/6196297a6f543714084309.jpg&quot;},{&quot;id&quot;:16,&quot;url&quot;:&quot;https:\\\/\\\/www.hiiumaale.ee\\\/wp-content\\\/uploads\\\/2022\\\/02\\\/5fbfa27fb0ac2673503559-scaled.jpg&quot;}],&quot;background_slideshow_loop&quot;:&quot;yes&quot;,&quot;background_slideshow_slide_duration&quot;:5000,&quot;background_slideshow_slide_transition&quot;:&quot;fade&quot;,&quot;background_slideshow_transition_duration&quot;:500}\">\n\t\t\t\t\t\t<div class=\"elementor-container elementor-column-gap-default\">\n\t\t\t\t\t<div class=\"elementor-column elementor-col-33 elementor-top-column elementor-element elementor-element-3c006b7\" data-id=\"3c006b7\" data-element_type=\"column\" data-e-type=\"column\">\n\t\t\t<div class=\"elementor-widget-wrap elementor-element-populated\">\n\t\t\t\t\t\t\t<\/div>\n\t\t<\/div>\n\t\t\t\t<div class=\"elementor-column elementor-col-33 elementor-top-column elementor-element elementor-element-c2c4bb8\" data-id=\"c2c4bb8\" data-element_type=\"column\" data-e-type=\"column\">\n\t\t\t<div class=\"elementor-widget-wrap elementor-element-populated\">\n\t\t\t\t\t\t<div class=\"elementor-element elementor-element-c33cf0f elementor-view-default elementor-widget elementor-widget-icon\" data-id=\"c33cf0f\" data-element_type=\"widget\" data-e-type=\"widget\" data-widget_type=\"icon.default\">\n\t\t\t\t<div class=\"elementor-widget-container\">\n\t\t\t\t\t\t\t<div class=\"elementor-icon-wrapper\">\n\t\t\t<div class=\"elementor-icon\">\n\t\t\t<svg xmlns=\"http:\/\/www.w3.org\/2000\/svg\" xmlns:xlink=\"http:\/\/www.w3.org\/1999\/xlink\" id=\"Layer_1\" x=\"0px\" y=\"0px\" viewBox=\"0 0 330 330\" style=\"enable-background:new 0 0 330 330;\" xml:space=\"preserve\"><path id=\"XMLID_225_\" d=\"M325.607,79.393c-5.857-5.857-15.355-5.858-21.213,0.001l-139.39,139.393L25.607,79.393 c-5.857-5.857-15.355-5.858-21.213,0.001c-5.858,5.858-5.858,15.355,0,21.213l150.004,150c2.813,2.813,6.628,4.393,10.606,4.393 s7.794-1.581,10.606-4.394l149.996-150C331.465,94.749,331.465,85.251,325.607,79.393z\"><\/path><g><\/g><g><\/g><g><\/g><g><\/g><g><\/g><g><\/g><g><\/g><g><\/g><g><\/g><g><\/g><g><\/g><g><\/g><g><\/g><g><\/g><g><\/g><\/svg>\t\t\t<\/div>\n\t\t<\/div>\n\t\t\t\t\t\t<\/div>\n\t\t\t\t<\/div>\n\t\t\t\t\t<\/div>\n\t\t<\/div>\n\t\t\t\t<div class=\"elementor-column elementor-col-33 elementor-top-column elementor-element elementor-element-fceafca\" data-id=\"fceafca\" data-element_type=\"column\" data-e-type=\"column\">\n\t\t\t<div class=\"elementor-widget-wrap elementor-element-populated\">\n\t\t\t\t\t\t<div class=\"elementor-element elementor-element-ee75830 elementor-align-right elementor-widget elementor-widget-button\" data-id=\"ee75830\" data-element_type=\"widget\" data-e-type=\"widget\" data-widget_type=\"button.default\">\n\t\t\t\t<div class=\"elementor-widget-container\">\n\t\t\t\t\t\t\t\t\t<div class=\"elementor-button-wrapper\">\n\t\t\t\t\t<a class=\"elementor-button elementor-button-link elementor-size-sm\" href=\"https:\/\/www.xn--hiiullekoda-ifb.ee\/\" target=\"_blank\">\n\t\t\t\t\t\t<span class=\"elementor-button-content-wrapper\">\n\t\t\t\t\t\t\t\t\t<span class=\"elementor-button-text\">Web shop<\/span>\n\t\t\t\t\t<\/span>\n\t\t\t\t\t<\/a>\n\t\t\t\t<\/div>\n\t\t\t\t\t\t\t\t<\/div>\n\t\t\t\t<\/div>\n\t\t\t\t\t<\/div>\n\t\t<\/div>\n\t\t\t\t\t<\/div>\n\t\t<\/section>\n\t\t\t\t<section class=\"elementor-section elementor-top-section elementor-element elementor-element-4e84196 elementor-section-height-min-height elementor-section-boxed elementor-section-height-default elementor-section-items-middle\" data-id=\"4e84196\" data-element_type=\"section\" data-e-type=\"section\" data-settings=\"{&quot;background_background&quot;:&quot;classic&quot;}\">\n\t\t\t\t\t\t<div class=\"elementor-container elementor-column-gap-default\">\n\t\t\t\t\t<div class=\"elementor-column elementor-col-100 elementor-top-column elementor-element elementor-element-3ed7a94\" data-id=\"3ed7a94\" data-element_type=\"column\" data-e-type=\"column\">\n\t\t\t<div class=\"elementor-widget-wrap elementor-element-populated\">\n\t\t\t\t\t\t<div class=\"elementor-element elementor-element-dd385de elementor-widget elementor-widget-heading\" data-id=\"dd385de\" data-element_type=\"widget\" data-e-type=\"widget\" data-widget_type=\"heading.default\">\n\t\t\t\t<div class=\"elementor-widget-container\">\n\t\t\t\t\t<h1 class=\"elementor-heading-title elementor-size-default\">Special taste of local touch!<\/h1>\t\t\t\t<\/div>\n\t\t\t\t<\/div>\n\t\t\t\t<div class=\"elementor-element elementor-element-7bd3c96 elementor-widget elementor-widget-text-editor\" data-id=\"7bd3c96\" data-element_type=\"widget\" data-e-type=\"widget\" data-widget_type=\"text-editor.default\">\n\t\t\t\t<div class=\"elementor-widget-container\">\n\t\t\t\t\t\t\t\t\t<p><strong>For group reservations advance bookings only. For visit call <a href=\"tel:+3725175665\">+372 51 756 65<\/a> Mr. Ain Koor \u00a0<\/strong><a href=\"mailto:info@hiiu%C3%B5llekoda.ee\"><strong>info@hiiu\u00f5llekoda.ee<\/strong><\/a><strong>.<\/strong><\/p><p>From autumn to spring, Hiiu \u00d5lle Koda is open for larger parties and groups (min 10 persons) booked in advance2<\/p>\t\t\t\t\t\t\t\t<\/div>\n\t\t\t\t<\/div>\n\t\t\t\t<div class=\"elementor-element elementor-element-505ec02 elementor-widget elementor-widget-text-editor\" data-id=\"505ec02\" data-element_type=\"widget\" data-e-type=\"widget\" data-widget_type=\"text-editor.default\">\n\t\t\t\t<div class=\"elementor-widget-container\">\n\t\t\t\t\t\t\t\t\tHearsays about the disappearance of Hiiumaa\u2019s beer are by far an exaggeration. Kassari Holiday Centre has revived the local beer brewing, which originates from the knowhow of our grandfathers. The brewery combines all the past beer tricks and tips and traditions, not to mention the teachings of the neighbours and the villagers. Thus, a drink is made, which is as sly as a native of Hiiumaa with their jokes. Besides tasting, you can get an overview o the history of Hiiumaa\u2019s beer, its traditions, and brewing in the beer house.\t\t\t\t\t\t\t\t<\/div>\n\t\t\t\t<\/div>\n\t\t\t\t<div class=\"elementor-element elementor-element-6b0616e elementor-widget elementor-widget-text-editor\" data-id=\"6b0616e\" data-element_type=\"widget\" data-e-type=\"widget\" data-widget_type=\"text-editor.default\">\n\t\t\t\t<div class=\"elementor-widget-container\">\n\t\t\t\t\t\t\t\t\tWe do know one thing though\u2014Hiiumaa\u2019s beer will appeal to every beer enthusiast!\t\t\t\t\t\t\t\t<\/div>\n\t\t\t\t<\/div>\n\t\t\t\t<div class=\"elementor-element elementor-element-1a13451 elementor-widget elementor-widget-text-editor\" data-id=\"1a13451\" data-element_type=\"widget\" data-e-type=\"widget\" data-widget_type=\"text-editor.default\">\n\t\t\t\t<div class=\"elementor-widget-container\">\n\t\t\t\t\t\t\t\t\t<p class=\"oc-text-bordered oc-text-gray\"><strong>You will find our products from\u00a0<a href=\"https:\/\/www.xn--hiiullekoda-ifb.ee\/\" target=\"_blank\" rel=\"noopener noreferrer\">web shop<\/a>, Kassari shop, Hiiumaa Coop, Kivikala ja V\u00f5rk store in K\u00e4rdla.<\/strong><\/p>\r\nAlso, you can enjoy our beers in WINDTOWER EXPERIENCE (K\u00e4ina), \u0160hampanjabaar ja resto Kork (K\u00e4rdla) and Roograhu marina.\r\n\r\nHiiu \u00d5lle Koda products and services are sold by Kassariotsa O\u00dc. Address Kassari Recreation Center, Kassari village, Hiiumaa parish 92111.\t\t\t\t\t\t\t\t<\/div>\n\t\t\t\t<\/div>\n\t\t\t\t<div class=\"elementor-element elementor-element-c77d7ee elementor-widget elementor-widget-text-editor\" data-id=\"c77d7ee\" data-element_type=\"widget\" data-e-type=\"widget\" data-widget_type=\"text-editor.default\">\n\t\t\t\t<div class=\"elementor-widget-container\">\n\t\t\t\t\t\t\t\t\t<p class=\"oc-text-bordered oc-text-gray\">Hiiu \u00d5lle Koda products and services are sold by Kassariotsa O\u00dc. Address Kassari Recreation Center, Kassari village, Hiiumaa parish 92111<\/p>\t\t\t\t\t\t\t\t<\/div>\n\t\t\t\t<\/div>\n\t\t\t\t\t<\/div>\n\t\t<\/div>\n\t\t\t\t\t<\/div>\n\t\t<\/section>\n\t\t\t\t<section class=\"elementor-section elementor-top-section elementor-element elementor-element-cca3cf9 elementor-section-boxed elementor-section-height-default elementor-section-height-default\" data-id=\"cca3cf9\" data-element_type=\"section\" data-e-type=\"section\" data-settings=\"{&quot;background_background&quot;:&quot;classic&quot;}\">\n\t\t\t\t\t\t<div class=\"elementor-container elementor-column-gap-default\">\n\t\t\t\t\t<div class=\"elementor-column elementor-col-100 elementor-top-column elementor-element elementor-element-71ddcc8\" data-id=\"71ddcc8\" data-element_type=\"column\" data-e-type=\"column\">\n\t\t\t<div class=\"elementor-widget-wrap elementor-element-populated\">\n\t\t\t\t\t\t<div class=\"elementor-element elementor-element-02444f9 elementor-widget elementor-widget-gallery\" data-id=\"02444f9\" data-element_type=\"widget\" data-e-type=\"widget\" data-settings=\"{&quot;gap&quot;:{&quot;unit&quot;:&quot;px&quot;,&quot;size&quot;:25,&quot;sizes&quot;:[]},&quot;image_hover_animation&quot;:&quot;grow&quot;,&quot;content_hover_animation&quot;:&quot;exit-zoom-in&quot;,&quot;lazyload&quot;:&quot;yes&quot;,&quot;gallery_layout&quot;:&quot;grid&quot;,&quot;columns&quot;:4,&quot;columns_tablet&quot;:2,&quot;columns_mobile&quot;:1,&quot;gap_tablet&quot;:{&quot;unit&quot;:&quot;px&quot;,&quot;size&quot;:10,&quot;sizes&quot;:[]},&quot;gap_mobile&quot;:{&quot;unit&quot;:&quot;px&quot;,&quot;size&quot;:10,&quot;sizes&quot;:[]},&quot;link_to&quot;:&quot;file&quot;,&quot;aspect_ratio&quot;:&quot;3:2&quot;}\" data-widget_type=\"gallery.default\">\n\t\t\t\t<div class=\"elementor-widget-container\">\n\t\t\t\t\t\t\t<div class=\"elementor-gallery__container\">\n\t\t\t\t\t\t\t<a class=\"e-gallery-item elementor-gallery-item elementor-animated-content\" href=\"https:\/\/www.hiiumaale.ee\/wp-content\/uploads\/2023\/09\/hiiu-olle-koda-4.jpg\" data-elementor-open-lightbox=\"yes\" data-elementor-lightbox-slideshow=\"02444f9\" data-elementor-lightbox-title=\"Brewery\" data-e-action-hash=\"#elementor-action%3Aaction%3Dlightbox%26settings%3DeyJpZCI6Njk5MiwidXJsIjoiaHR0cHM6XC9cL3d3dy5oaWl1bWFhbGUuZWVcL3dwLWNvbnRlbnRcL3VwbG9hZHNcLzIwMjNcLzA5XC9oaWl1LW9sbGUta29kYS00LmpwZyIsInNsaWRlc2hvdyI6IjAyNDQ0ZjkifQ%3D%3D\">\n\t\t\t\t\t<div class=\"e-gallery-image elementor-gallery-item__image\" data-thumbnail=\"https:\/\/www.hiiumaale.ee\/wp-content\/uploads\/2023\/09\/hiiu-olle-koda-4-1024x768.jpg\" data-width=\"800\" data-height=\"600\" aria-label=\"\" role=\"img\" ><\/div>\n\t\t\t\t\t\t\t\t\t\t\t\t\t\t<\/a>\n\t\t\t\t\t\t\t<a class=\"e-gallery-item elementor-gallery-item elementor-animated-content\" href=\"https:\/\/www.hiiumaale.ee\/wp-content\/uploads\/2023\/09\/hiiu-olle-koda-3.jpg\" data-elementor-open-lightbox=\"yes\" data-elementor-lightbox-slideshow=\"02444f9\" data-elementor-lightbox-title=\"Brewery\" data-e-action-hash=\"#elementor-action%3Aaction%3Dlightbox%26settings%3DeyJpZCI6Njk5NSwidXJsIjoiaHR0cHM6XC9cL3d3dy5oaWl1bWFhbGUuZWVcL3dwLWNvbnRlbnRcL3VwbG9hZHNcLzIwMjNcLzA5XC9oaWl1LW9sbGUta29kYS0zLmpwZyIsInNsaWRlc2hvdyI6IjAyNDQ0ZjkifQ%3D%3D\">\n\t\t\t\t\t<div class=\"e-gallery-image elementor-gallery-item__image\" data-thumbnail=\"https:\/\/www.hiiumaale.ee\/wp-content\/uploads\/2023\/09\/hiiu-olle-koda-3-1024x768.jpg\" data-width=\"800\" data-height=\"600\" aria-label=\"\" role=\"img\" ><\/div>\n\t\t\t\t\t\t\t\t\t\t\t\t\t\t<\/a>\n\t\t\t\t\t\t\t<a class=\"e-gallery-item elementor-gallery-item elementor-animated-content\" href=\"https:\/\/www.hiiumaale.ee\/wp-content\/uploads\/2023\/09\/hiiu-olle-koda.jpg\" data-elementor-open-lightbox=\"yes\" data-elementor-lightbox-slideshow=\"02444f9\" data-elementor-lightbox-title=\"Brewery\" data-e-action-hash=\"#elementor-action%3Aaction%3Dlightbox%26settings%3DeyJpZCI6NzAwMSwidXJsIjoiaHR0cHM6XC9cL3d3dy5oaWl1bWFhbGUuZWVcL3dwLWNvbnRlbnRcL3VwbG9hZHNcLzIwMjNcLzA5XC9oaWl1LW9sbGUta29kYS5qcGciLCJzbGlkZXNob3ciOiIwMjQ0NGY5In0%3D\">\n\t\t\t\t\t<div class=\"e-gallery-image elementor-gallery-item__image\" data-thumbnail=\"https:\/\/www.hiiumaale.ee\/wp-content\/uploads\/2023\/09\/hiiu-olle-koda-1024x768.jpg\" data-width=\"800\" data-height=\"600\" aria-label=\"\" role=\"img\" ><\/div>\n\t\t\t\t\t\t\t\t\t\t\t\t\t\t<\/a>\n\t\t\t\t\t\t\t<a class=\"e-gallery-item elementor-gallery-item elementor-animated-content\" href=\"https:\/\/www.hiiumaale.ee\/wp-content\/uploads\/2023\/09\/hiiu-olle-koda-2.jpg\" data-elementor-open-lightbox=\"yes\" data-elementor-lightbox-slideshow=\"02444f9\" data-elementor-lightbox-title=\"Brewery\" data-e-action-hash=\"#elementor-action%3Aaction%3Dlightbox%26settings%3DeyJpZCI6Njk5OCwidXJsIjoiaHR0cHM6XC9cL3d3dy5oaWl1bWFhbGUuZWVcL3dwLWNvbnRlbnRcL3VwbG9hZHNcLzIwMjNcLzA5XC9oaWl1LW9sbGUta29kYS0yLmpwZyIsInNsaWRlc2hvdyI6IjAyNDQ0ZjkifQ%3D%3D\">\n\t\t\t\t\t<div class=\"e-gallery-image elementor-gallery-item__image\" data-thumbnail=\"https:\/\/www.hiiumaale.ee\/wp-content\/uploads\/2023\/09\/hiiu-olle-koda-2-1024x768.jpg\" data-width=\"800\" data-height=\"600\" aria-label=\"\" role=\"img\" ><\/div>\n\t\t\t\t\t\t\t\t\t\t\t\t\t\t<\/a>\n\t\t\t\t\t\t\t<a class=\"e-gallery-item elementor-gallery-item elementor-animated-content\" href=\"https:\/\/www.hiiumaale.ee\/wp-content\/uploads\/2023\/09\/kassari-limonaad.jpg\" data-elementor-open-lightbox=\"yes\" data-elementor-lightbox-slideshow=\"02444f9\" data-elementor-lightbox-title=\"Kassari Limonaad\" data-e-action-hash=\"#elementor-action%3Aaction%3Dlightbox%26settings%3DeyJpZCI6NzAwNCwidXJsIjoiaHR0cHM6XC9cL3d3dy5oaWl1bWFhbGUuZWVcL3dwLWNvbnRlbnRcL3VwbG9hZHNcLzIwMjNcLzA5XC9rYXNzYXJpLWxpbW9uYWFkLmpwZyIsInNsaWRlc2hvdyI6IjAyNDQ0ZjkifQ%3D%3D\">\n\t\t\t\t\t<div class=\"e-gallery-image elementor-gallery-item__image\" data-thumbnail=\"https:\/\/www.hiiumaale.ee\/wp-content\/uploads\/2023\/09\/kassari-limonaad-1024x768.jpg\" data-width=\"800\" data-height=\"600\" aria-label=\"\" role=\"img\" ><\/div>\n\t\t\t\t\t\t\t\t\t\t\t\t\t\t<\/a>\n\t\t\t\t\t\t\t<a class=\"e-gallery-item elementor-gallery-item elementor-animated-content\" href=\"https:\/\/www.hiiumaale.ee\/wp-content\/uploads\/2022\/02\/602fbb2115504888356912-scaled.jpg\" data-elementor-open-lightbox=\"yes\" data-elementor-lightbox-slideshow=\"02444f9\" data-elementor-lightbox-title=\"Kassari \u00d5lu\" data-e-action-hash=\"#elementor-action%3Aaction%3Dlightbox%26settings%3DeyJpZCI6MjcyMCwidXJsIjoiaHR0cHM6XC9cL3d3dy5oaWl1bWFhbGUuZWVcL3dwLWNvbnRlbnRcL3VwbG9hZHNcLzIwMjJcLzAyXC82MDJmYmIyMTE1NTA0ODg4MzU2OTEyLXNjYWxlZC5qcGciLCJzbGlkZXNob3ciOiIwMjQ0NGY5In0%3D\">\n\t\t\t\t\t<div class=\"e-gallery-image elementor-gallery-item__image\" data-thumbnail=\"https:\/\/www.hiiumaale.ee\/wp-content\/uploads\/2022\/02\/602fbb2115504888356912-1024x678.jpg\" data-width=\"800\" data-height=\"530\" aria-label=\"\" role=\"img\" ><\/div>\n\t\t\t\t\t\t\t\t\t\t\t\t\t\t<\/a>\n\t\t\t\t\t\t\t<a class=\"e-gallery-item elementor-gallery-item elementor-animated-content\" href=\"https:\/\/www.hiiumaale.ee\/wp-content\/uploads\/2022\/02\/602fb461eb6fd734751284.jpg\" data-elementor-open-lightbox=\"yes\" data-elementor-lightbox-slideshow=\"02444f9\" data-elementor-lightbox-title=\"Beer in snow\" data-e-action-hash=\"#elementor-action%3Aaction%3Dlightbox%26settings%3DeyJpZCI6MjY4MCwidXJsIjoiaHR0cHM6XC9cL3d3dy5oaWl1bWFhbGUuZWVcL3dwLWNvbnRlbnRcL3VwbG9hZHNcLzIwMjJcLzAyXC82MDJmYjQ2MWViNmZkNzM0NzUxMjg0LmpwZyIsInNsaWRlc2hvdyI6IjAyNDQ0ZjkifQ%3D%3D\">\n\t\t\t\t\t<div class=\"e-gallery-image elementor-gallery-item__image\" data-thumbnail=\"https:\/\/www.hiiumaale.ee\/wp-content\/uploads\/2022\/02\/602fb461eb6fd734751284-1024x537.jpg\" data-width=\"800\" data-height=\"420\" aria-label=\"\" role=\"img\" ><\/div>\n\t\t\t\t\t\t\t\t\t\t\t\t\t\t<\/a>\n\t\t\t\t\t\t\t<a class=\"e-gallery-item elementor-gallery-item elementor-animated-content\" href=\"https:\/\/www.hiiumaale.ee\/wp-content\/uploads\/2022\/02\/602fb8a9e0cc9305421252.jpg\" data-elementor-open-lightbox=\"yes\" data-elementor-lightbox-slideshow=\"02444f9\" data-elementor-lightbox-title=\"Tasting\" data-e-action-hash=\"#elementor-action%3Aaction%3Dlightbox%26settings%3DeyJpZCI6MjcyMiwidXJsIjoiaHR0cHM6XC9cL3d3dy5oaWl1bWFhbGUuZWVcL3dwLWNvbnRlbnRcL3VwbG9hZHNcLzIwMjJcLzAyXC82MDJmYjhhOWUwY2M5MzA1NDIxMjUyLmpwZyIsInNsaWRlc2hvdyI6IjAyNDQ0ZjkifQ%3D%3D\">\n\t\t\t\t\t<div class=\"e-gallery-image elementor-gallery-item__image\" data-thumbnail=\"https:\/\/www.hiiumaale.ee\/wp-content\/uploads\/2022\/02\/602fb8a9e0cc9305421252-1024x683.jpg\" data-width=\"800\" data-height=\"534\" aria-label=\"\" role=\"img\" ><\/div>\n\t\t\t\t\t\t\t\t\t\t\t\t\t\t<\/a>\n\t\t\t\t\t<\/div>\n\t\t\t\t\t<\/div>\n\t\t\t\t<\/div>\n\t\t\t\t\t<\/div>\n\t\t<\/div>\n\t\t\t\t\t<\/div>\n\t\t<\/section>\n\t\t\t\t<section class=\"elementor-section elementor-top-section elementor-element elementor-element-8af8aa4 elementor-section-height-min-height elementor-section-items-bottom elementor-section-boxed elementor-section-height-default\" data-id=\"8af8aa4\" data-element_type=\"section\" data-e-type=\"section\" data-settings=\"{&quot;background_background&quot;:&quot;classic&quot;}\">\n\t\t\t\t\t\t<div class=\"elementor-container elementor-column-gap-default\">\n\t\t\t\t\t<div class=\"elementor-column elementor-col-50 elementor-top-column elementor-element elementor-element-dd1426c\" data-id=\"dd1426c\" data-element_type=\"column\" data-e-type=\"column\">\n\t\t\t<div class=\"elementor-widget-wrap elementor-element-populated\">\n\t\t\t\t\t\t<div class=\"elementor-element elementor-element-4125bad elementor-widget elementor-widget-heading\" data-id=\"4125bad\" data-element_type=\"widget\" data-e-type=\"widget\" data-widget_type=\"heading.default\">\n\t\t\t\t<div class=\"elementor-widget-container\">\n\t\t\t\t\t<h2 class=\"elementor-heading-title elementor-size-default\">Address<\/h2>\t\t\t\t<\/div>\n\t\t\t\t<\/div>\n\t\t\t\t<div class=\"elementor-element elementor-element-cf70825 elementor-widget elementor-widget-text-editor\" data-id=\"cf70825\" data-element_type=\"widget\" data-e-type=\"widget\" data-widget_type=\"text-editor.default\">\n\t\t\t\t<div class=\"elementor-widget-container\">\n\t\t\t\t\t\t\t\t\t<p>Hiiu brewery<br>\r\nKassari Puhkekeskus, Kassari k\u00fcla, Hiiumaa vald, 92111<\/p>\t\t\t\t\t\t\t\t<\/div>\n\t\t\t\t<\/div>\n\t\t\t\t<div class=\"elementor-element elementor-element-aad344b elementor-widget elementor-widget-shortcode\" data-id=\"aad344b\" data-element_type=\"widget\" data-e-type=\"widget\" data-widget_type=\"shortcode.default\">\n\t\t\t\t<div class=\"elementor-widget-container\">\n\t\t\t\t\t\t\t<div class=\"elementor-shortcode\"><iframe src=\"https:\/\/www.google.com\/maps\/embed?pb=!1m18!1m12!1m3!1d2067.575596704538!2d22.828184616137815!3d58.787542861385205!2m3!1f0!2f0!3f0!3m2!1i1024!2i768!4f13.1!3m3!1m2!1s0x46f293fe65b16a95%3A0x6a7c415cb851e0a9!2sHiiu%20%C3%95lle%20Koda!5e0!3m2!1set!2see!4v1645108209427!5m2!1set!2see\" width=\"600\" height=\"450\" style=\"border:0;\" allowfullscreen=\"\" loading=\"lazy\"><\/iframe><\/div>\n\t\t\t\t\t\t<\/div>\n\t\t\t\t<\/div>\n\t\t\t\t\t<\/div>\n\t\t<\/div>\n\t\t\t\t<div class=\"elementor-column elementor-col-50 elementor-top-column elementor-element elementor-element-aa4b02a\" data-id=\"aa4b02a\" data-element_type=\"column\" data-e-type=\"column\">\n\t\t\t<div class=\"elementor-widget-wrap elementor-element-populated\">\n\t\t\t\t\t\t<div class=\"elementor-element elementor-element-0c50bbb elementor-align-left elementor-widget elementor-widget-button\" data-id=\"0c50bbb\" data-element_type=\"widget\" data-e-type=\"widget\" data-widget_type=\"button.default\">\n\t\t\t\t<div class=\"elementor-widget-container\">\n\t\t\t\t\t\t\t\t\t<div class=\"elementor-button-wrapper\">\n\t\t\t\t\t<a class=\"elementor-button elementor-button-link elementor-size-sm\" href=\"https:\/\/www.xn--hiiullekoda-ifb.ee\/\">\n\t\t\t\t\t\t<span class=\"elementor-button-content-wrapper\">\n\t\t\t\t\t\t\t\t\t<span class=\"elementor-button-text\">Web shop<\/span>\n\t\t\t\t\t<\/span>\n\t\t\t\t\t<\/a>\n\t\t\t\t<\/div>\n\t\t\t\t\t\t\t\t<\/div>\n\t\t\t\t<\/div>\n\t\t\t\t\t<\/div>\n\t\t<\/div>\n\t\t\t\t\t<\/div>\n\t\t<\/section>\n\t\t\t\t<\/div>\n\t\t","protected":false},"excerpt":{"rendered":"<p>Web shop Special taste of local touch! For group reservations advance bookings only. For visit call +372 51 756 65 Mr. Ain Koor \u00a0info@hiiu\u00f5llekoda.ee. From autumn to spring, Hiiu \u00d5lle Koda is open for larger parties and groups (min 10 persons) booked in advance2 Hearsays about the disappearance of Hiiumaa\u2019s beer are by far an [&hellip;]<\/p>\n","protected":false},"author":1,"featured_media":0,"parent":0,"menu_order":0,"comment_status":"closed","ping_status":"closed","template":"","meta":{"footnotes":""},"class_list":["post-3460","page","type-page","status-publish","hentry"],"_links":{"self":[{"href":"https:\/\/www.hiiumaale.ee\/en\/wp-json\/wp\/v2\/pages\/3460","targetHints":{"allow":["GET"]}}],"collection":[{"href":"https:\/\/www.hiiumaale.ee\/en\/wp-json\/wp\/v2\/pages"}],"about":[{"href":"https:\/\/www.hiiumaale.ee\/en\/wp-json\/wp\/v2\/types\/page"}],"author":[{"embeddable":true,"href":"https:\/\/www.hiiumaale.ee\/en\/wp-json\/wp\/v2\/users\/1"}],"replies":[{"embeddable":true,"href":"https:\/\/www.hiiumaale.ee\/en\/wp-json\/wp\/v2\/comments?post=3460"}],"version-history":[{"count":45,"href":"https:\/\/www.hiiumaale.ee\/en\/wp-json\/wp\/v2\/pages\/3460\/revisions"}],"predecessor-version":[{"id":10804,"href":"https:\/\/www.hiiumaale.ee\/en\/wp-json\/wp\/v2\/pages\/3460\/revisions\/10804"}],"wp:attachment":[{"href":"https:\/\/www.hiiumaale.ee\/en\/wp-json\/wp\/v2\/media?parent=3460"}],"curies":[{"name":"wp","href":"https:\/\/api.w.org\/{rel}","templated":true}]}}